{"id":394,"date":"2020-08-28T10:25:04","date_gmt":"2020-08-28T10:25:04","guid":{"rendered":"https:\/\/insigniathemes.in\/Aspire\/?page_id=394"},"modified":"2024-12-06T09:52:47","modified_gmt":"2024-12-06T09:52:47","slug":"apie_mane","status":"publish","type":"page","link":"https:\/\/auginantispokalbis.lt\/index.php\/apie_mane\/","title":{"rendered":"Apie mane"},"content":{"rendered":"\n<div class=\"wp-block-media-text alignwide is-stacked-on-mobile\" style=\"grid-template-columns:15% auto\"><figure class=\"wp-block-media-text__media\"><img loading=\"lazy\" decoding=\"async\" width=\"1024\" height=\"893\" src=\"https:\/\/auginantispokalbis.lt\/wp-content\/uploads\/2024\/10\/1000029628-1024x893.jpg\" alt=\"\" class=\"wp-image-1465 size-medium\" srcset=\"https:\/\/auginantispokalbis.lt\/wp-content\/uploads\/2024\/10\/1000029628-1024x893.jpg 1024w, https:\/\/auginantispokalbis.lt\/wp-content\/uploads\/2024\/10\/1000029628-300x261.jpg 300w, https:\/\/auginantispokalbis.lt\/wp-content\/uploads\/2024\/10\/1000029628-768x669.jpg 768w, https:\/\/auginantispokalbis.lt\/wp-content\/uploads\/2024\/10\/1000029628-1536x1339.jpg 1536w, https:\/\/auginantispokalbis.lt\/wp-content\/uploads\/2024\/10\/1000029628-2048x1785.jpg 2048w\" sizes=\"auto, (max-width: 1024px) 100vw, 1024px\" \/><\/figure><div class=\"wp-block-media-text__content\">\n<p>A\u0161 Irma. Psicholog\u0117 ir b\u016bsima psichoterapeut\u0117. Atrodau jauna, bet geriau \u012fsi\u017ei\u016br\u0117jus jau turiu nema\u017eai \u017eil\u0173 plauk\u0173. Gyvenime ie\u0161kodama savo kelio, supratau, kad man n\u0117ra nieko \u012fdomesnio u\u017e \u017emog\u0173, jo istorij\u0105, gyvenimo keli\u0105, pamokas, i\u0161\u0161\u016bkius ir i\u0161gyvenimus. Taigi jau tur\u0117dama ekonomist\u0117s diplom\u0105, j\u012f pad\u0117jau \u012f stal\u010di\u0173 ir leidausi \u012f psichologijos studijas. Nors apsisprend\u017eiant \u017eengti nauju keliu, abejoni\u0173, ne\u017einios ir baimi\u0173 buvo tikrai daug, esu be galo d\u0117kinga sau u\u017e \u0161\u012f sprendim\u0105. Tikriausiai n\u0117ra nuostabesnio jausmo u\u017e t\u0105, kur\u012f patiri, kai \u017einai jog esi ten kur turi b\u016bti, ir darai tai, k\u0105 turi daryti.<\/p>\n<\/div><\/div>\n\n\n\n<p>Vaikyst\u0117je buvau drovi, nerimastinga, u\u017esisklendusi, tad reik\u0117jo nueiti ilg\u0105 keli\u0105, kad atras\u010diau b\u016bdus, kaip pad\u0117ti sau geriau jaustis, skleistis, \u017eyd\u0117ti\u2026 Nuo ankstyvos jaunyst\u0117s mane domino s\u0105moningumas, meditacija, mindfulness (pilnaprotavimas). Jutau, kad nerimas, i\u0161sibla\u0161k\u0119s, nuolat \u0161okin\u0117jantis protas man nepatinka. Daug dom\u0117jausi Ryt\u0173 filosofija, religijomis, band\u017eiau pamatyti platesn\u012f pasaulio vaizd\u0105. Vis\u0105 tai derinu su mokslu gr\u012fstomis \u017einiomis ir kasdien pastebiu, kaip stipriai pasikeit\u0117 mano pa\u010dios gyvenimas, bei kaip nuostabiai kei\u010diasi klientai, kurie i\u0161dr\u012fsta leistis \u012f nepaprast\u0105 sav\u0119s pa\u017einimo kelion\u0119.<\/p>\n\n\n\n<p><\/p>\n\n\n\n<p>Ie\u0161kodama geriausi\u0173 b\u016bd\u0173 pad\u0117ti klientams, kurie pasitiki ir \u012fsileid\u017eia mane \u012f savo gyvenim\u0105, nuolat gilinu \u017einias ir keliu kvalifikacij\u0105. \u010cia pasidalinu tik pagrindin\u0117mis psichologo kvalifikacij\u0105 patvirtinan\u010diomis studijomis:<\/p>\n\n\n\n<p>2016 \u2013 psichologijos bakalauras (KU).<\/p>\n\n\n\n<p>2018 \u2013 konsultavimo psichologijos magistras (KU).<\/p>\n\n\n\n<p>2020 \u2013 \u012esis\u0105moninimu gr\u012fstos kognityvin\u0117s ir elgesio terapijos pagrindai (LSMU MA).<\/p>\n\n\n\n<p>2022 \u2013 iki dabar \u2013 kognityvin\u0117s ir elgesio psichoterapijos studijos.<\/p>\n\n\n\n<p> <\/p>\n\n\n\n<p><\/p>\n\n\n\n<div style=\"height:100px\" aria-hidden=\"true\" class=\"wp-block-spacer\"><\/div>\n\n\n\n<p><\/p>\n","protected":false},"excerpt":{"rendered":"<p>A\u0161 Irma. Psicholog\u0117 ir b\u016bsima psichoterapeut\u0117. Atrodau jauna, bet geriau \u012fsi\u017ei\u016br\u0117jus jau turiu nema\u017eai \u017eil\u0173 plauk\u0173. Gyvenime ie\u0161kodama savo kelio, supratau, kad man n\u0117ra nieko[&#8230;]<\/p>\n","protected":false},"author":1,"featured_media":972,"parent":0,"menu_order":0,"comment_status":"closed","ping_status":"closed","template":"","meta":{"om_disable_all_campaigns":false,"_monsterinsights_skip_tracking":false,"_monsterinsights_sitenote_active":false,"_monsterinsights_sitenote_note":"","_monsterinsights_sitenote_category":0,"_themeisle_gutenberg_block_has_review":false,"footnotes":""},"class_list":["post-394","page","type-page","status-publish","has-post-thumbnail","hentry"],"yoast_head":"<!-- This site is optimized with the Yoast SEO plugin v24.3 - https:\/\/yoast.com\/wordpress\/plugins\/seo\/ -->\n<title>Apie mane - Psicholog\u0117 Irma Chmieliauskien\u0117<\/title>\n<meta name=\"description\" content=\"Individualios psichologin\u0117s konsultacijos internetu ir Klaip\u0117doje. Streso valdymas. Laim\u0117s paie\u0161kos.\" \/>\n<meta name=\"robots\" content=\"index, follow, max-snippet:-1, max-image-preview:large, max-video-preview:-1\" \/>\n<link rel=\"canonical\" href=\"https:\/\/auginantispokalbis.lt\/index.php\/apie_mane\/\" \/>\n<meta property=\"og:locale\" content=\"en_US\" \/>\n<meta property=\"og:type\" content=\"article\" \/>\n<meta property=\"og:title\" content=\"Apie mane - Psicholog\u0117 Irma Chmieliauskien\u0117\" \/>\n<meta property=\"og:description\" content=\"Individualios psichologin\u0117s konsultacijos internetu ir Klaip\u0117doje. Streso valdymas. Laim\u0117s paie\u0161kos.\" \/>\n<meta property=\"og:url\" content=\"https:\/\/auginantispokalbis.lt\/index.php\/apie_mane\/\" \/>\n<meta property=\"og:site_name\" content=\"Psicholog\u0117 Irma Chmieliauskien\u0117\" \/>\n<meta property=\"article:modified_time\" content=\"2024-12-06T09:52:47+00:00\" \/>\n<meta property=\"og:image\" content=\"https:\/\/auginantispokalbis.lt\/wp-content\/uploads\/2022\/12\/cropped-tinklapio-virsuje2.png\" \/>\n\t<meta property=\"og:image:width\" content=\"512\" \/>\n\t<meta property=\"og:image:height\" content=\"512\" \/>\n\t<meta property=\"og:image:type\" content=\"image\/png\" \/>\n<meta name=\"twitter:card\" content=\"summary_large_image\" \/>\n<meta name=\"twitter:label1\" content=\"Est. reading time\" \/>\n\t<meta name=\"twitter:data1\" content=\"2 minutes\" \/>\n<script type=\"application\/ld+json\" class=\"yoast-schema-graph\">{\"@context\":\"https:\/\/schema.org\",\"@graph\":[{\"@type\":\"WebPage\",\"@id\":\"https:\/\/auginantispokalbis.lt\/index.php\/apie_mane\/\",\"url\":\"https:\/\/auginantispokalbis.lt\/index.php\/apie_mane\/\",\"name\":\"Apie mane - Psicholog\u0117 Irma Chmieliauskien\u0117\",\"isPartOf\":{\"@id\":\"https:\/\/auginantispokalbis.lt\/#website\"},\"primaryImageOfPage\":{\"@id\":\"https:\/\/auginantispokalbis.lt\/index.php\/apie_mane\/#primaryimage\"},\"image\":{\"@id\":\"https:\/\/auginantispokalbis.lt\/index.php\/apie_mane\/#primaryimage\"},\"thumbnailUrl\":\"\",\"datePublished\":\"2020-08-28T10:25:04+00:00\",\"dateModified\":\"2024-12-06T09:52:47+00:00\",\"description\":\"Individualios psichologin\u0117s konsultacijos internetu ir Klaip\u0117doje. Streso valdymas. Laim\u0117s paie\u0161kos.\",\"breadcrumb\":{\"@id\":\"https:\/\/auginantispokalbis.lt\/index.php\/apie_mane\/#breadcrumb\"},\"inLanguage\":\"en-US\",\"potentialAction\":[{\"@type\":\"ReadAction\",\"target\":[\"https:\/\/auginantispokalbis.lt\/index.php\/apie_mane\/\"]}]},{\"@type\":\"ImageObject\",\"inLanguage\":\"en-US\",\"@id\":\"https:\/\/auginantispokalbis.lt\/index.php\/apie_mane\/#primaryimage\",\"url\":\"\",\"contentUrl\":\"\"},{\"@type\":\"BreadcrumbList\",\"@id\":\"https:\/\/auginantispokalbis.lt\/index.php\/apie_mane\/#breadcrumb\",\"itemListElement\":[{\"@type\":\"ListItem\",\"position\":1,\"name\":\"Home\",\"item\":\"https:\/\/auginantispokalbis.lt\/\"},{\"@type\":\"ListItem\",\"position\":2,\"name\":\"Apie mane\"}]},{\"@type\":\"WebSite\",\"@id\":\"https:\/\/auginantispokalbis.lt\/#website\",\"url\":\"https:\/\/auginantispokalbis.lt\/\",\"name\":\"Psicholog\u0117 Irma Chmieliauskien\u0117\",\"description\":\"Individualios psichologin\u0117s konsultacijos internetu ir Klaip\u0117doje, bei \u012frankiai pad\u0117siantys gyventi pilnavert\u012f, laiming\u0105, autenti\u0161k\u0105 gyvenim\u0105.\",\"publisher\":{\"@id\":\"https:\/\/auginantispokalbis.lt\/#\/schema\/person\/2bf90e556f9aeaadc9530f370217526f\"},\"potentialAction\":[{\"@type\":\"SearchAction\",\"target\":{\"@type\":\"EntryPoint\",\"urlTemplate\":\"https:\/\/auginantispokalbis.lt\/?s={search_term_string}\"},\"query-input\":{\"@type\":\"PropertyValueSpecification\",\"valueRequired\":true,\"valueName\":\"search_term_string\"}}],\"inLanguage\":\"en-US\"},{\"@type\":[\"Person\",\"Organization\"],\"@id\":\"https:\/\/auginantispokalbis.lt\/#\/schema\/person\/2bf90e556f9aeaadc9530f370217526f\",\"name\":\"Psicholog\u0117 Irma Chmieliauskien\u0117\",\"image\":{\"@type\":\"ImageObject\",\"inLanguage\":\"en-US\",\"@id\":\"https:\/\/auginantispokalbis.lt\/#\/schema\/person\/image\/\",\"url\":\"https:\/\/auginantispokalbis.lt\/wp-content\/uploads\/2022\/11\/cropped-cropped-Untitled-2.png\",\"contentUrl\":\"https:\/\/auginantispokalbis.lt\/wp-content\/uploads\/2022\/11\/cropped-cropped-Untitled-2.png\",\"width\":371,\"height\":192,\"caption\":\"Psicholog\u0117 Irma Chmieliauskien\u0117\"},\"logo\":{\"@id\":\"https:\/\/auginantispokalbis.lt\/#\/schema\/person\/image\/\"},\"sameAs\":[\"https:\/\/auginantispokalbis.lt\/\",\"https:\/\/www.instagram.com\/irma.happy\"]}]}<\/script>\n<!-- \/ Yoast SEO plugin. -->","yoast_head_json":{"title":"Apie mane - Psicholog\u0117 Irma Chmieliauskien\u0117","description":"Individualios psichologin\u0117s konsultacijos internetu ir Klaip\u0117doje. Streso valdymas. Laim\u0117s paie\u0161kos.","robots":{"index":"index","follow":"follow","max-snippet":"max-snippet:-1","max-image-preview":"max-image-preview:large","max-video-preview":"max-video-preview:-1"},"canonical":"https:\/\/auginantispokalbis.lt\/index.php\/apie_mane\/","og_locale":"en_US","og_type":"article","og_title":"Apie mane - Psicholog\u0117 Irma Chmieliauskien\u0117","og_description":"Individualios psichologin\u0117s konsultacijos internetu ir Klaip\u0117doje. Streso valdymas. Laim\u0117s paie\u0161kos.","og_url":"https:\/\/auginantispokalbis.lt\/index.php\/apie_mane\/","og_site_name":"Psicholog\u0117 Irma Chmieliauskien\u0117","article_modified_time":"2024-12-06T09:52:47+00:00","og_image":[{"width":512,"height":512,"url":"https:\/\/auginantispokalbis.lt\/wp-content\/uploads\/2022\/12\/cropped-tinklapio-virsuje2.png","type":"image\/png"}],"twitter_card":"summary_large_image","twitter_misc":{"Est. reading time":"2 minutes"},"schema":{"@context":"https:\/\/schema.org","@graph":[{"@type":"WebPage","@id":"https:\/\/auginantispokalbis.lt\/index.php\/apie_mane\/","url":"https:\/\/auginantispokalbis.lt\/index.php\/apie_mane\/","name":"Apie mane - Psicholog\u0117 Irma Chmieliauskien\u0117","isPartOf":{"@id":"https:\/\/auginantispokalbis.lt\/#website"},"primaryImageOfPage":{"@id":"https:\/\/auginantispokalbis.lt\/index.php\/apie_mane\/#primaryimage"},"image":{"@id":"https:\/\/auginantispokalbis.lt\/index.php\/apie_mane\/#primaryimage"},"thumbnailUrl":"","datePublished":"2020-08-28T10:25:04+00:00","dateModified":"2024-12-06T09:52:47+00:00","description":"Individualios psichologin\u0117s konsultacijos internetu ir Klaip\u0117doje. Streso valdymas. Laim\u0117s paie\u0161kos.","breadcrumb":{"@id":"https:\/\/auginantispokalbis.lt\/index.php\/apie_mane\/#breadcrumb"},"inLanguage":"en-US","potentialAction":[{"@type":"ReadAction","target":["https:\/\/auginantispokalbis.lt\/index.php\/apie_mane\/"]}]},{"@type":"ImageObject","inLanguage":"en-US","@id":"https:\/\/auginantispokalbis.lt\/index.php\/apie_mane\/#primaryimage","url":"","contentUrl":""},{"@type":"BreadcrumbList","@id":"https:\/\/auginantispokalbis.lt\/index.php\/apie_mane\/#breadcrumb","itemListElement":[{"@type":"ListItem","position":1,"name":"Home","item":"https:\/\/auginantispokalbis.lt\/"},{"@type":"ListItem","position":2,"name":"Apie mane"}]},{"@type":"WebSite","@id":"https:\/\/auginantispokalbis.lt\/#website","url":"https:\/\/auginantispokalbis.lt\/","name":"Psicholog\u0117 Irma Chmieliauskien\u0117","description":"Individualios psichologin\u0117s konsultacijos internetu ir Klaip\u0117doje, bei \u012frankiai pad\u0117siantys gyventi pilnavert\u012f, laiming\u0105, autenti\u0161k\u0105 gyvenim\u0105.","publisher":{"@id":"https:\/\/auginantispokalbis.lt\/#\/schema\/person\/2bf90e556f9aeaadc9530f370217526f"},"potentialAction":[{"@type":"SearchAction","target":{"@type":"EntryPoint","urlTemplate":"https:\/\/auginantispokalbis.lt\/?s={search_term_string}"},"query-input":{"@type":"PropertyValueSpecification","valueRequired":true,"valueName":"search_term_string"}}],"inLanguage":"en-US"},{"@type":["Person","Organization"],"@id":"https:\/\/auginantispokalbis.lt\/#\/schema\/person\/2bf90e556f9aeaadc9530f370217526f","name":"Psicholog\u0117 Irma Chmieliauskien\u0117","image":{"@type":"ImageObject","inLanguage":"en-US","@id":"https:\/\/auginantispokalbis.lt\/#\/schema\/person\/image\/","url":"https:\/\/auginantispokalbis.lt\/wp-content\/uploads\/2022\/11\/cropped-cropped-Untitled-2.png","contentUrl":"https:\/\/auginantispokalbis.lt\/wp-content\/uploads\/2022\/11\/cropped-cropped-Untitled-2.png","width":371,"height":192,"caption":"Psicholog\u0117 Irma Chmieliauskien\u0117"},"logo":{"@id":"https:\/\/auginantispokalbis.lt\/#\/schema\/person\/image\/"},"sameAs":["https:\/\/auginantispokalbis.lt\/","https:\/\/www.instagram.com\/irma.happy"]}]}},"_links":{"self":[{"href":"https:\/\/auginantispokalbis.lt\/index.php\/wp-json\/wp\/v2\/pages\/394","targetHints":{"allow":["GET"]}}],"collection":[{"href":"https:\/\/auginantispokalbis.lt\/index.php\/wp-json\/wp\/v2\/pages"}],"about":[{"href":"https:\/\/auginantispokalbis.lt\/index.php\/wp-json\/wp\/v2\/types\/page"}],"author":[{"embeddable":true,"href":"https:\/\/auginantispokalbis.lt\/index.php\/wp-json\/wp\/v2\/users\/1"}],"replies":[{"embeddable":true,"href":"https:\/\/auginantispokalbis.lt\/index.php\/wp-json\/wp\/v2\/comments?post=394"}],"version-history":[{"count":18,"href":"https:\/\/auginantispokalbis.lt\/index.php\/wp-json\/wp\/v2\/pages\/394\/revisions"}],"predecessor-version":[{"id":1466,"href":"https:\/\/auginantispokalbis.lt\/index.php\/wp-json\/wp\/v2\/pages\/394\/revisions\/1466"}],"wp:featuredmedia":[{"embeddable":true,"href":"https:\/\/auginantispokalbis.lt\/index.php\/wp-json\/"}],"wp:attachment":[{"href":"https:\/\/auginantispokalbis.lt\/index.php\/wp-json\/wp\/v2\/media?parent=394"}],"curies":[{"name":"wp","href":"https:\/\/api.w.org\/{rel}","templated":true}]}}