{"id":1299,"date":"2022-12-07T11:31:31","date_gmt":"2022-12-07T11:31:31","guid":{"rendered":"https:\/\/auginantispokalbis.lt\/?page_id=1299"},"modified":"2025-04-14T12:32:55","modified_gmt":"2025-04-14T12:32:55","slug":"individualios-psichologines-kosnultacijos","status":"publish","type":"page","link":"https:\/\/auginantispokalbis.lt\/index.php\/individualios-psichologines-kosnultacijos\/","title":{"rendered":"Konsultacijos"},"content":{"rendered":"\n<p>\u0160iuo metu konsultacijas teikiu tik nuotoliniu b\u016bdu. Kai ateina laikas nuo\u0161ird\u017eiam pokalbiui, atstumas tarsi dingsta\u2026 Mane iki \u0161iol stebina \u017emoni\u0173 k\u016brybingumas, kai nor\u0117dami pasikalb\u0117ti, jie geba susikurti sau s\u0105lygas. Tad gan da\u017enai bendrauju su klientais, kurie \u012f konsultacijas prisijungia vaik\u0161\u010diodami lauke, s\u0117d\u0117dami automobilyje, jaukiai \u012fsitais\u0119 tolimiausiame bibliotekos kampe, ar netgi savo darboviet\u0117s sand\u0117liuke.<\/p>\n\n\n\n<p><\/p>\n\n\n\n<p><\/p>\n\n\n\n<p>Galimos konsultacij\u0173 temos:<em> i\u0161\u0161\u016bkiai \u0161eimoje, darbe, t\u0117vyst\u0117je, santykiuose, asmeniniame augime. Suma\u017e\u0117jusi motyvacija. Noras keisti \u012fpro\u010dius. Stresas. Nerimas. Perdegimas. Sielvartas. Savivert\u0117. Emocij\u0173 valdymas.<\/em><\/p>\n\n\n\n<p><\/p>\n\n\n\n<p>INDIVIDUALI KONSULTACIJA &#8211; 50 min \/ 45 eur <\/p>\n\n\n\n<p>MOKYMAI, PASKAITOS d\u0117mesingo \u012fsis\u0105moninimo ir kitomis psichikos sveikatos temomis &#8211; kaina ir s\u0105lygos sutartin\u0117s.<\/p>\n\n\n\n<p><\/p>\n\n\n\n<p>D\u0117l konsultacijos susisiekite elektroniniu pa\u0161tu.<\/p>\n\n\n\n<p><a href=\"mailto:chmieliauskiene.irma@gmail.com\">chmieliauskiene.irma@gmail.com<\/a><\/p>\n\n\n\n<p><\/p>\n","protected":false},"excerpt":{"rendered":"<p>\u0160iuo metu konsultacijas teikiu tik nuotoliniu b\u016bdu. Kai ateina laikas nuo\u0161ird\u017eiam pokalbiui, atstumas tarsi dingsta\u2026 Mane iki \u0161iol stebina \u017emoni\u0173 k\u016brybingumas, kai nor\u0117dami pasikalb\u0117ti, jie[&#8230;]<\/p>\n","protected":false},"author":1,"featured_media":0,"parent":0,"menu_order":0,"comment_status":"closed","ping_status":"closed","template":"","meta":{"om_disable_all_campaigns":false,"_monsterinsights_skip_tracking":false,"_monsterinsights_sitenote_active":false,"_monsterinsights_sitenote_note":"","_monsterinsights_sitenote_category":0,"_themeisle_gutenberg_block_has_review":false,"footnotes":""},"class_list":["post-1299","page","type-page","status-publish","hentry"],"yoast_head":"<!-- This site is optimized with the Yoast SEO plugin v24.3 - https:\/\/yoast.com\/wordpress\/plugins\/seo\/ -->\n<title>Konsultacijos - Psicholog\u0117 Irma Chmieliauskien\u0117<\/title>\n<meta name=\"description\" content=\"Individualios psichologin\u0117s konsultacijos internetu ir Klaip\u0117doje, bei \u012frankiai pad\u0117siantys gyventi pilnavert\u012f, laiming\u0105, autenti\u0161k\u0105 gyvenim\u0105. Streso \u012fveika.\" \/>\n<meta name=\"robots\" content=\"index, follow, max-snippet:-1, max-image-preview:large, max-video-preview:-1\" \/>\n<link rel=\"canonical\" href=\"https:\/\/auginantispokalbis.lt\/index.php\/individualios-psichologines-kosnultacijos\/\" \/>\n<meta property=\"og:locale\" content=\"en_US\" \/>\n<meta property=\"og:type\" content=\"article\" \/>\n<meta property=\"og:title\" content=\"Konsultacijos - Psicholog\u0117 Irma Chmieliauskien\u0117\" \/>\n<meta property=\"og:description\" content=\"Individualios psichologin\u0117s konsultacijos internetu ir Klaip\u0117doje, bei \u012frankiai pad\u0117siantys gyventi pilnavert\u012f, laiming\u0105, autenti\u0161k\u0105 gyvenim\u0105. Streso \u012fveika.\" \/>\n<meta property=\"og:url\" content=\"https:\/\/auginantispokalbis.lt\/index.php\/individualios-psichologines-kosnultacijos\/\" \/>\n<meta property=\"og:site_name\" content=\"Psicholog\u0117 Irma Chmieliauskien\u0117\" \/>\n<meta property=\"article:modified_time\" content=\"2025-04-14T12:32:55+00:00\" \/>\n<meta property=\"og:image\" content=\"https:\/\/auginantispokalbis.lt\/wp-content\/uploads\/2022\/12\/cropped-tinklapio-virsuje2.png\" \/>\n\t<meta property=\"og:image:width\" content=\"512\" \/>\n\t<meta property=\"og:image:height\" content=\"512\" \/>\n\t<meta property=\"og:image:type\" content=\"image\/png\" \/>\n<meta name=\"twitter:card\" content=\"summary_large_image\" \/>\n<meta name=\"twitter:label1\" content=\"Est. reading time\" \/>\n\t<meta name=\"twitter:data1\" content=\"1 minute\" \/>\n<script type=\"application\/ld+json\" class=\"yoast-schema-graph\">{\"@context\":\"https:\/\/schema.org\",\"@graph\":[{\"@type\":[\"WebPage\",\"ContactPage\"],\"@id\":\"https:\/\/auginantispokalbis.lt\/index.php\/individualios-psichologines-kosnultacijos\/\",\"url\":\"https:\/\/auginantispokalbis.lt\/index.php\/individualios-psichologines-kosnultacijos\/\",\"name\":\"Konsultacijos - Psicholog\u0117 Irma Chmieliauskien\u0117\",\"isPartOf\":{\"@id\":\"https:\/\/auginantispokalbis.lt\/#website\"},\"datePublished\":\"2022-12-07T11:31:31+00:00\",\"dateModified\":\"2025-04-14T12:32:55+00:00\",\"description\":\"Individualios psichologin\u0117s konsultacijos internetu ir Klaip\u0117doje, bei \u012frankiai pad\u0117siantys gyventi pilnavert\u012f, laiming\u0105, autenti\u0161k\u0105 gyvenim\u0105. Streso \u012fveika.\",\"breadcrumb\":{\"@id\":\"https:\/\/auginantispokalbis.lt\/index.php\/individualios-psichologines-kosnultacijos\/#breadcrumb\"},\"inLanguage\":\"en-US\",\"potentialAction\":[{\"@type\":\"ReadAction\",\"target\":[\"https:\/\/auginantispokalbis.lt\/index.php\/individualios-psichologines-kosnultacijos\/\"]}]},{\"@type\":\"BreadcrumbList\",\"@id\":\"https:\/\/auginantispokalbis.lt\/index.php\/individualios-psichologines-kosnultacijos\/#breadcrumb\",\"itemListElement\":[{\"@type\":\"ListItem\",\"position\":1,\"name\":\"Home\",\"item\":\"https:\/\/auginantispokalbis.lt\/\"},{\"@type\":\"ListItem\",\"position\":2,\"name\":\"Konsultacijos\"}]},{\"@type\":\"WebSite\",\"@id\":\"https:\/\/auginantispokalbis.lt\/#website\",\"url\":\"https:\/\/auginantispokalbis.lt\/\",\"name\":\"Psicholog\u0117 Irma Chmieliauskien\u0117\",\"description\":\"Individualios psichologin\u0117s konsultacijos internetu ir Klaip\u0117doje, bei \u012frankiai pad\u0117siantys gyventi pilnavert\u012f, laiming\u0105, autenti\u0161k\u0105 gyvenim\u0105.\",\"publisher\":{\"@id\":\"https:\/\/auginantispokalbis.lt\/#\/schema\/person\/2bf90e556f9aeaadc9530f370217526f\"},\"potentialAction\":[{\"@type\":\"SearchAction\",\"target\":{\"@type\":\"EntryPoint\",\"urlTemplate\":\"https:\/\/auginantispokalbis.lt\/?s={search_term_string}\"},\"query-input\":{\"@type\":\"PropertyValueSpecification\",\"valueRequired\":true,\"valueName\":\"search_term_string\"}}],\"inLanguage\":\"en-US\"},{\"@type\":[\"Person\",\"Organization\"],\"@id\":\"https:\/\/auginantispokalbis.lt\/#\/schema\/person\/2bf90e556f9aeaadc9530f370217526f\",\"name\":\"Psicholog\u0117 Irma Chmieliauskien\u0117\",\"image\":{\"@type\":\"ImageObject\",\"inLanguage\":\"en-US\",\"@id\":\"https:\/\/auginantispokalbis.lt\/#\/schema\/person\/image\/\",\"url\":\"https:\/\/auginantispokalbis.lt\/wp-content\/uploads\/2022\/11\/cropped-cropped-Untitled-2.png\",\"contentUrl\":\"https:\/\/auginantispokalbis.lt\/wp-content\/uploads\/2022\/11\/cropped-cropped-Untitled-2.png\",\"width\":371,\"height\":192,\"caption\":\"Psicholog\u0117 Irma Chmieliauskien\u0117\"},\"logo\":{\"@id\":\"https:\/\/auginantispokalbis.lt\/#\/schema\/person\/image\/\"},\"sameAs\":[\"https:\/\/auginantispokalbis.lt\/\",\"https:\/\/www.instagram.com\/irma.happy\"]}]}<\/script>\n<!-- \/ Yoast SEO plugin. -->","yoast_head_json":{"title":"Konsultacijos - Psicholog\u0117 Irma Chmieliauskien\u0117","description":"Individualios psichologin\u0117s konsultacijos internetu ir Klaip\u0117doje, bei \u012frankiai pad\u0117siantys gyventi pilnavert\u012f, laiming\u0105, autenti\u0161k\u0105 gyvenim\u0105. Streso \u012fveika.","robots":{"index":"index","follow":"follow","max-snippet":"max-snippet:-1","max-image-preview":"max-image-preview:large","max-video-preview":"max-video-preview:-1"},"canonical":"https:\/\/auginantispokalbis.lt\/index.php\/individualios-psichologines-kosnultacijos\/","og_locale":"en_US","og_type":"article","og_title":"Konsultacijos - Psicholog\u0117 Irma Chmieliauskien\u0117","og_description":"Individualios psichologin\u0117s konsultacijos internetu ir Klaip\u0117doje, bei \u012frankiai pad\u0117siantys gyventi pilnavert\u012f, laiming\u0105, autenti\u0161k\u0105 gyvenim\u0105. Streso \u012fveika.","og_url":"https:\/\/auginantispokalbis.lt\/index.php\/individualios-psichologines-kosnultacijos\/","og_site_name":"Psicholog\u0117 Irma Chmieliauskien\u0117","article_modified_time":"2025-04-14T12:32:55+00:00","og_image":[{"width":512,"height":512,"url":"https:\/\/auginantispokalbis.lt\/wp-content\/uploads\/2022\/12\/cropped-tinklapio-virsuje2.png","type":"image\/png"}],"twitter_card":"summary_large_image","twitter_misc":{"Est. reading time":"1 minute"},"schema":{"@context":"https:\/\/schema.org","@graph":[{"@type":["WebPage","ContactPage"],"@id":"https:\/\/auginantispokalbis.lt\/index.php\/individualios-psichologines-kosnultacijos\/","url":"https:\/\/auginantispokalbis.lt\/index.php\/individualios-psichologines-kosnultacijos\/","name":"Konsultacijos - Psicholog\u0117 Irma Chmieliauskien\u0117","isPartOf":{"@id":"https:\/\/auginantispokalbis.lt\/#website"},"datePublished":"2022-12-07T11:31:31+00:00","dateModified":"2025-04-14T12:32:55+00:00","description":"Individualios psichologin\u0117s konsultacijos internetu ir Klaip\u0117doje, bei \u012frankiai pad\u0117siantys gyventi pilnavert\u012f, laiming\u0105, autenti\u0161k\u0105 gyvenim\u0105. Streso \u012fveika.","breadcrumb":{"@id":"https:\/\/auginantispokalbis.lt\/index.php\/individualios-psichologines-kosnultacijos\/#breadcrumb"},"inLanguage":"en-US","potentialAction":[{"@type":"ReadAction","target":["https:\/\/auginantispokalbis.lt\/index.php\/individualios-psichologines-kosnultacijos\/"]}]},{"@type":"BreadcrumbList","@id":"https:\/\/auginantispokalbis.lt\/index.php\/individualios-psichologines-kosnultacijos\/#breadcrumb","itemListElement":[{"@type":"ListItem","position":1,"name":"Home","item":"https:\/\/auginantispokalbis.lt\/"},{"@type":"ListItem","position":2,"name":"Konsultacijos"}]},{"@type":"WebSite","@id":"https:\/\/auginantispokalbis.lt\/#website","url":"https:\/\/auginantispokalbis.lt\/","name":"Psicholog\u0117 Irma Chmieliauskien\u0117","description":"Individualios psichologin\u0117s konsultacijos internetu ir Klaip\u0117doje, bei \u012frankiai pad\u0117siantys gyventi pilnavert\u012f, laiming\u0105, autenti\u0161k\u0105 gyvenim\u0105.","publisher":{"@id":"https:\/\/auginantispokalbis.lt\/#\/schema\/person\/2bf90e556f9aeaadc9530f370217526f"},"potentialAction":[{"@type":"SearchAction","target":{"@type":"EntryPoint","urlTemplate":"https:\/\/auginantispokalbis.lt\/?s={search_term_string}"},"query-input":{"@type":"PropertyValueSpecification","valueRequired":true,"valueName":"search_term_string"}}],"inLanguage":"en-US"},{"@type":["Person","Organization"],"@id":"https:\/\/auginantispokalbis.lt\/#\/schema\/person\/2bf90e556f9aeaadc9530f370217526f","name":"Psicholog\u0117 Irma Chmieliauskien\u0117","image":{"@type":"ImageObject","inLanguage":"en-US","@id":"https:\/\/auginantispokalbis.lt\/#\/schema\/person\/image\/","url":"https:\/\/auginantispokalbis.lt\/wp-content\/uploads\/2022\/11\/cropped-cropped-Untitled-2.png","contentUrl":"https:\/\/auginantispokalbis.lt\/wp-content\/uploads\/2022\/11\/cropped-cropped-Untitled-2.png","width":371,"height":192,"caption":"Psicholog\u0117 Irma Chmieliauskien\u0117"},"logo":{"@id":"https:\/\/auginantispokalbis.lt\/#\/schema\/person\/image\/"},"sameAs":["https:\/\/auginantispokalbis.lt\/","https:\/\/www.instagram.com\/irma.happy"]}]}},"_links":{"self":[{"href":"https:\/\/auginantispokalbis.lt\/index.php\/wp-json\/wp\/v2\/pages\/1299","targetHints":{"allow":["GET"]}}],"collection":[{"href":"https:\/\/auginantispokalbis.lt\/index.php\/wp-json\/wp\/v2\/pages"}],"about":[{"href":"https:\/\/auginantispokalbis.lt\/index.php\/wp-json\/wp\/v2\/types\/page"}],"author":[{"embeddable":true,"href":"https:\/\/auginantispokalbis.lt\/index.php\/wp-json\/wp\/v2\/users\/1"}],"replies":[{"embeddable":true,"href":"https:\/\/auginantispokalbis.lt\/index.php\/wp-json\/wp\/v2\/comments?post=1299"}],"version-history":[{"count":11,"href":"https:\/\/auginantispokalbis.lt\/index.php\/wp-json\/wp\/v2\/pages\/1299\/revisions"}],"predecessor-version":[{"id":1535,"href":"https:\/\/auginantispokalbis.lt\/index.php\/wp-json\/wp\/v2\/pages\/1299\/revisions\/1535"}],"wp:attachment":[{"href":"https:\/\/auginantispokalbis.lt\/index.php\/wp-json\/wp\/v2\/media?parent=1299"}],"curies":[{"name":"wp","href":"https:\/\/api.w.org\/{rel}","templated":true}]}}